{"id":608,"date":"2018-03-06T21:17:25","date_gmt":"2018-03-06T21:17:25","guid":{"rendered":"http:\/\/dev.cadengrant.com\/?page_id=608"},"modified":"2021-02-10T04:27:58","modified_gmt":"2021-02-10T04:27:58","slug":"contact","status":"publish","type":"page","link":"https:\/\/www.michalwojtasik.com\/?page_id=608","title":{"rendered":"Contact"},"content":{"rendered":"<h6>MICHA\u0141 WOJTASIK<br \/>\nmail: <a href=\"mailto:agakossim@yahoo.com\">michwojt@yahoo.com<\/a><br \/>\ntel. +48 512 509 158<\/h6>\n<h6>I have gone a long way in the film-making and TV commercial industry through constantly improving my skills.<br \/>\nI have broad range of experience working directly with clients.<br \/>\nFilm and animations have been my passion since I can remember.<br \/>\nThat is what lead me to work in digital media. I started as a Video Editor then I worked as a 3D Modeler then as a Compositing Artist.<br \/>\nUsually I work with: Nuke, Maya, Mari, Zbrush, Photoshop, After Effects, Final Cut.<\/h6>\n<h5>EXPERIENCE<\/h5>\n<ul class=\"lista-kontakt\">\n<li>September 2015 \u2013 present <strong>Nuke Compositor<\/strong>, Platige Image, platige.com<br \/>\nmovies: The Witcher, Allegro &#8211; Legendy Polskie<\/li>\n<li>August 2013 \u2013 August 2015 \u2013 <strong>Nuke Compositor<\/strong>, Human Ark, huan-ark.com<br \/>\nmovies\/ads: Push<\/li>\n<li>November 2012 \u2013 August 2013 \u2013 <strong>Nuke Compositor, Matte Painter, 3d Generalistr<\/strong>, Televisor, televisor.pl<br \/>\nmovies: Ferrero, Nestle, Hochland, Danone, Maspex<\/li>\n<li>July 2011\u2013 September 2012 \u2013\u00a0<strong>Inferno artist, VFX Compositor, Matte Painter<\/strong>, The Chimney Pot, chimneygroup.com<br \/>\nklienci: Soraya, \u017bywiec, Specjal, Polopiryna, Polprazol, Ranigast, Pharma, Kredyt Bank<\/li>\n<li>05.2007 \u2013 07.2007 <strong>Graphic Designer<\/strong>, Activmedia w Poznaniu<br \/>\nklienci: PKP Polskie Linie Kolejowe, Sanitec Ko\u0142o<\/li>\n<li>09.2006 \u2013 04.2007 <strong>Graphic Designer<\/strong>, Cerotec Studio Sevilla w Hiszpanii<br \/>\nklienci: Ikea, El Corte Ingles, Vizuete, Coophuelva, Semper, Villanueva<\/li>\n<\/ul>\n<h5>EDUKACJA<\/h5>\n<ul>\n<li>2000-2006 Akademia Sztuk Pi\u0119knych w Poznaniu, specjalizacja: malarstwo i fotografia komputerowa<\/li>\n<li>2004-2005 Universidad de Castilla-la Mancha, Cuenca, Hiszpania, stypendium Erasmus; specjalizacja motion graphics<\/li>\n<\/ul>\n<h5 class=\"half float_r\">FESTIWALE\/KONKURSY<\/h5>\n<ul>\n<li>2012 \u201eInferno\u201d i \u201ePole\u201d emitowane w telewizji TVP Kultura przez 2 lata, w ramach promocji utalentowanych artyst\u00f3w organizowane<br \/>\nprzez Nadba\u0142tyckie Centrum Kultury w Gda\u0144sku<\/li>\n<li>2012 \u201eWi\u0142y ta\u0144cz\u0105 Chopina\u201d prezentowane na festiwalu Animocje<\/li>\n<li>2011 \u201ePrzypowie\u015b\u0107 o Maku\u201d zaj\u0119\u0142o drugie miejsce w konkursie Kr\u00f3tki film o Mi\u0142oszu<\/li>\n<li>2011 \u201eWszystko p\u0142ynie\u201d prezentowane na KolorOFFon Film Festiwal<\/li>\n<li>2011 \u201eWi\u0142y ta\u0144cz\u0105 Chopina\u201d prezentowane na X RePeFeNe<\/li>\n<li>2011 \u201eLegenda o czarciej \u0142apie\u201d prezentowana na OFAFA<\/li>\n<li>2011 \u201eInferno\u201d w fina\u0142owym pokazie film\u00f3w The One Minutes w Holandii<\/li>\n<li>2011 \u201eLegenda o czarciej \u0142apie\u201d otrzyma\u0142a wyr\u00f3\u017cnienie na eFHa FESTIWAL<\/li>\n<li>2010 Reprezentowanie Polski w mi\u0119dzynarodowym projekcie \u201eFour Corners\u201d Rugia Niemcy<\/li>\n<li>2010 Pierwsze miejsce w konkursie na teledysk Abradaba<\/li>\n<li>2010 \u201eWi\u0142y ta\u0144cz\u0105 Chopina\u201d prezentowane na Chopin GARAGE BAND<\/li>\n<li>2010 \u201eInferno\u201d prezentowany na Festiwalu Film\u00f3w The One Minutes<\/li>\n<li>2010 \u201eLegenda o czarciej \u0142apie\u201d w finale konkursu Lubelskie Historie<\/li>\n<li>2010 \u201eLegenda o czarciej \u0142apie\u201d prezentowana na Festiwalu Film\u00f3w \u0141APA<\/li>\n<li>2010 Pierwsze miejsce w Og\u00f3lnopolskim Konkursie na Film Promocyjny o S\u0142upsku<\/li>\n<li>2010 \u201eMechanism\u201d prezentowany na festiwalu ART BY CHANCE Turcja<\/li>\n<li>2009 \u201ePanMyszK\u201d prezentowana na Festiwalu Film\u00f3w The One Minutes<\/li>\n<li>2006 \u201ePole\u201d prezentowane na Festiwalu Film\u00f3w The One Minutes<\/li>\n<\/ul>\n","protected":false},"excerpt":{"rendered":"<p>MICHA\u0141 WOJTASIK mail: michwojt@yahoo.com tel. +48 512 509 158 I have gone a long way in the film-making and TV commercial industry through constantly improving my skills. I have broad range of experience working directly with clients. Film and animations have been my passion since I can remember. That is what lead me to work [&hellip;]<\/p>\n","protected":false},"author":1,"featured_media":0,"parent":0,"menu_order":0,"comment_status":"closed","ping_status":"closed","template":"fullwidth.php","meta":[],"_links":{"self":[{"href":"https:\/\/www.michalwojtasik.com\/index.php?rest_route=\/wp\/v2\/pages\/608"}],"collection":[{"href":"https:\/\/www.michalwojtasik.com\/index.php?rest_route=\/wp\/v2\/pages"}],"about":[{"href":"https:\/\/www.michalwojtasik.com\/index.php?rest_route=\/wp\/v2\/types\/page"}],"author":[{"embeddable":true,"href":"https:\/\/www.michalwojtasik.com\/index.php?rest_route=\/wp\/v2\/users\/1"}],"replies":[{"embeddable":true,"href":"https:\/\/www.michalwojtasik.com\/index.php?rest_route=%2Fwp%2Fv2%2Fcomments&post=608"}],"version-history":[{"count":42,"href":"https:\/\/www.michalwojtasik.com\/index.php?rest_route=\/wp\/v2\/pages\/608\/revisions"}],"predecessor-version":[{"id":2777,"href":"https:\/\/www.michalwojtasik.com\/index.php?rest_route=\/wp\/v2\/pages\/608\/revisions\/2777"}],"wp:attachment":[{"href":"https:\/\/www.michalwojtasik.com\/index.php?rest_route=%2Fwp%2Fv2%2Fmedia&parent=608"}],"curies":[{"name":"wp","href":"https:\/\/api.w.org\/{rel}","templated":true}]}}